{"id":8,"date":"2018-08-31T20:56:33","date_gmt":"2018-08-31T20:56:33","guid":{"rendered":"http:\/\/bezpieczna-przestrzen.pl\/?page_id=8"},"modified":"2020-04-20T16:20:19","modified_gmt":"2020-04-20T15:20:19","slug":"gabinet-psychoterapii-warszawa-domowa","status":"publish","type":"page","link":"https:\/\/bezpieczna-przestrzen.pl\/","title":{"rendered":"W skr\u00f3cie"},"content":{"rendered":"<p>W \u017cyciu ka\u017cdego z nas zdarzaj\u0105 si\u0119 okresy, kiedy jest trudniej: przydarzaj\u0105 si\u0119 do\u015bwiadczenia traumatyczne, kryzysy, \u017cyciowe zakr\u0119ty. Mo\u017ce pojawia\u0107 si\u0119 l\u0119k, poczucie niepokoju, obni\u017cony nastr\u00f3j, zdarza si\u0119 nadmierna z\u0142o\u015b\u0107, nieadekwatne reakcje emocjonalne i zachowania. Bardzo wa\u017cne jest wtedy, aby cz\u0142owiek otrzyma\u0142 pomoc, wyja\u015bnienie tego, co si\u0119 z nim dzieje i wskaz\u00f3wki, jak mo\u017cna sobie radzi\u0107 w trudnej sytuacji. Celem konsultacji i terapii jest poprawa funkcjonowania osoby, wsparcie w radzeniu sobie z aktualnymi trudno\u015bciami, ale te\u017c rozw\u00f3j i budowanie zasob\u00f3w, aby w przysz\u0142o\u015bci radzi\u0107 sobie z przeszkodami \u017cyciowymi jeszcze lepiej. Wa\u017cne i potrzebne jest poczucie bezpiecze\u0144stwa, ciep\u0142o, empatia, ale i psychotraumatologiczna wiedza oraz skuteczne techniki pracy z pacjentem. W <strong>Bezpiecznej przestrzeni<\/strong> \u0142\u0105cz\u0119 te elementy, moj\u0105 misj\u0105 jest efektywna, profesjonalna pomoc w atmosferze bezpiecze\u0144stwa i akceptacji po to, aby pacjent jak najszybciej odzyska\u0142 kontrol\u0119 nad swoim \u017cyciem.<\/p>\n\n\n<p><\/p>\n","protected":false},"excerpt":{"rendered":"<p>W \u017cyciu ka\u017cdego z nas zdarzaj\u0105 si\u0119 okresy, kiedy jest trudniej: przydarzaj\u0105 si\u0119 do\u015bwiadczenia traumatyczne, kryzysy, \u017cyciowe zakr\u0119ty. Mo\u017ce pojawia\u0107 si\u0119 l\u0119k, poczucie niepokoju, obni\u017cony nastr\u00f3j, zdarza si\u0119 nadmierna z\u0142o\u015b\u0107, nieadekwatne reakcje emocjonalne i zachowania. Bardzo wa\u017cne jest wtedy, aby cz\u0142owiek otrzyma\u0142 pomoc, wyja\u015bnienie tego, co si\u0119 z nim dzieje i wskaz\u00f3wki, jak mo\u017cna sobie [&hellip;]<\/p>\n","protected":false},"author":1,"featured_media":0,"parent":0,"menu_order":0,"comment_status":"closed","ping_status":"closed","template":"","meta":{"ngg_post_thumbnail":0,"footnotes":""},"class_list":["post-8","page","type-page","status-publish","hentry"],"yoast_head":"<!-- This site is optimized with the Yoast SEO plugin v27.3 - https:\/\/yoast.com\/product\/yoast-seo-wordpress\/ -->\n<title>W skr\u00f3cie - Bezpieczna przestrze\u0144 gabinet psychoterapii w Warszawie<\/title>\n<meta name=\"description\" content=\"W \u017cyciu ka\u017cdego z nas zdarzaj\u0105 si\u0119 okresy, kiedy jest trudniej: przydarzaj\u0105 si\u0119 do\u015bwiadczenia traumatyczne, kryzysy. My pomo\u017cemy Ci skutecznie.\" \/>\n<meta name=\"robots\" content=\"index, follow, max-snippet:-1, max-image-preview:large, max-video-preview:-1\" \/>\n<link rel=\"canonical\" href=\"https:\/\/bezpieczna-przestrzen.pl\/\" \/>\n<meta property=\"og:locale\" content=\"pl_PL\" \/>\n<meta property=\"og:type\" content=\"article\" \/>\n<meta property=\"og:title\" content=\"W skr\u00f3cie - Bezpieczna przestrze\u0144 gabinet psychoterapii w Warszawie\" \/>\n<meta property=\"og:description\" content=\"W \u017cyciu ka\u017cdego z nas zdarzaj\u0105 si\u0119 okresy, kiedy jest trudniej: przydarzaj\u0105 si\u0119 do\u015bwiadczenia traumatyczne, kryzysy. My pomo\u017cemy Ci skutecznie.\" \/>\n<meta property=\"og:url\" content=\"https:\/\/bezpieczna-przestrzen.pl\/\" \/>\n<meta property=\"og:site_name\" content=\"Bezpieczna przestrze\u0144\" \/>\n<meta property=\"article:publisher\" content=\"https:\/\/www.facebook.com\/Bezpieczna-przestrze%c5%84-686760528377035\" \/>\n<meta property=\"article:modified_time\" content=\"2020-04-20T15:20:19+00:00\" \/>\n<meta name=\"twitter:card\" content=\"summary_large_image\" \/>\n<meta name=\"twitter:label1\" content=\"Szacowany czas czytania\" \/>\n\t<meta name=\"twitter:data1\" content=\"1 minuta\" \/>\n<script type=\"application\/ld+json\" class=\"yoast-schema-graph\">{\"@context\":\"https:\\\/\\\/schema.org\",\"@graph\":[{\"@type\":\"WebPage\",\"@id\":\"https:\\\/\\\/bezpieczna-przestrzen.pl\\\/\",\"url\":\"https:\\\/\\\/bezpieczna-przestrzen.pl\\\/\",\"name\":\"W skr\u00f3cie - Bezpieczna przestrze\u0144 gabinet psychoterapii w Warszawie\",\"isPartOf\":{\"@id\":\"https:\\\/\\\/bezpieczna-przestrzen.pl\\\/#website\"},\"datePublished\":\"2018-08-31T20:56:33+00:00\",\"dateModified\":\"2020-04-20T15:20:19+00:00\",\"description\":\"W \u017cyciu ka\u017cdego z nas zdarzaj\u0105 si\u0119 okresy, kiedy jest trudniej: przydarzaj\u0105 si\u0119 do\u015bwiadczenia traumatyczne, kryzysy. My pomo\u017cemy Ci skutecznie.\",\"breadcrumb\":{\"@id\":\"https:\\\/\\\/bezpieczna-przestrzen.pl\\\/#breadcrumb\"},\"inLanguage\":\"pl-PL\",\"potentialAction\":[{\"@type\":\"ReadAction\",\"target\":[\"https:\\\/\\\/bezpieczna-przestrzen.pl\\\/\"]}]},{\"@type\":\"BreadcrumbList\",\"@id\":\"https:\\\/\\\/bezpieczna-przestrzen.pl\\\/#breadcrumb\",\"itemListElement\":[{\"@type\":\"ListItem\",\"position\":1,\"name\":\"Strona g\u0142\u00f3wna\",\"item\":\"https:\\\/\\\/bezpieczna-przestrzen.pl\\\/\"},{\"@type\":\"ListItem\",\"position\":2,\"name\":\"W skr\u00f3cie\"}]},{\"@type\":\"WebSite\",\"@id\":\"https:\\\/\\\/bezpieczna-przestrzen.pl\\\/#website\",\"url\":\"https:\\\/\\\/bezpieczna-przestrzen.pl\\\/\",\"name\":\"Bezpieczna przestrze\u0144\",\"description\":\"Gabinet psychologiczny\",\"potentialAction\":[{\"@type\":\"SearchAction\",\"target\":{\"@type\":\"EntryPoint\",\"urlTemplate\":\"https:\\\/\\\/bezpieczna-przestrzen.pl\\\/?s={search_term_string}\"},\"query-input\":{\"@type\":\"PropertyValueSpecification\",\"valueRequired\":true,\"valueName\":\"search_term_string\"}}],\"inLanguage\":\"pl-PL\"}]}<\/script>\n<!-- \/ Yoast SEO plugin. -->","yoast_head_json":{"title":"W skr\u00f3cie - Bezpieczna przestrze\u0144 gabinet psychoterapii w Warszawie","description":"W \u017cyciu ka\u017cdego z nas zdarzaj\u0105 si\u0119 okresy, kiedy jest trudniej: przydarzaj\u0105 si\u0119 do\u015bwiadczenia traumatyczne, kryzysy. My pomo\u017cemy Ci skutecznie.","robots":{"index":"index","follow":"follow","max-snippet":"max-snippet:-1","max-image-preview":"max-image-preview:large","max-video-preview":"max-video-preview:-1"},"canonical":"https:\/\/bezpieczna-przestrzen.pl\/","og_locale":"pl_PL","og_type":"article","og_title":"W skr\u00f3cie - Bezpieczna przestrze\u0144 gabinet psychoterapii w Warszawie","og_description":"W \u017cyciu ka\u017cdego z nas zdarzaj\u0105 si\u0119 okresy, kiedy jest trudniej: przydarzaj\u0105 si\u0119 do\u015bwiadczenia traumatyczne, kryzysy. My pomo\u017cemy Ci skutecznie.","og_url":"https:\/\/bezpieczna-przestrzen.pl\/","og_site_name":"Bezpieczna przestrze\u0144","article_publisher":"https:\/\/www.facebook.com\/Bezpieczna-przestrze%c5%84-686760528377035","article_modified_time":"2020-04-20T15:20:19+00:00","twitter_card":"summary_large_image","twitter_misc":{"Szacowany czas czytania":"1 minuta"},"schema":{"@context":"https:\/\/schema.org","@graph":[{"@type":"WebPage","@id":"https:\/\/bezpieczna-przestrzen.pl\/","url":"https:\/\/bezpieczna-przestrzen.pl\/","name":"W skr\u00f3cie - Bezpieczna przestrze\u0144 gabinet psychoterapii w Warszawie","isPartOf":{"@id":"https:\/\/bezpieczna-przestrzen.pl\/#website"},"datePublished":"2018-08-31T20:56:33+00:00","dateModified":"2020-04-20T15:20:19+00:00","description":"W \u017cyciu ka\u017cdego z nas zdarzaj\u0105 si\u0119 okresy, kiedy jest trudniej: przydarzaj\u0105 si\u0119 do\u015bwiadczenia traumatyczne, kryzysy. My pomo\u017cemy Ci skutecznie.","breadcrumb":{"@id":"https:\/\/bezpieczna-przestrzen.pl\/#breadcrumb"},"inLanguage":"pl-PL","potentialAction":[{"@type":"ReadAction","target":["https:\/\/bezpieczna-przestrzen.pl\/"]}]},{"@type":"BreadcrumbList","@id":"https:\/\/bezpieczna-przestrzen.pl\/#breadcrumb","itemListElement":[{"@type":"ListItem","position":1,"name":"Strona g\u0142\u00f3wna","item":"https:\/\/bezpieczna-przestrzen.pl\/"},{"@type":"ListItem","position":2,"name":"W skr\u00f3cie"}]},{"@type":"WebSite","@id":"https:\/\/bezpieczna-przestrzen.pl\/#website","url":"https:\/\/bezpieczna-przestrzen.pl\/","name":"Bezpieczna przestrze\u0144","description":"Gabinet psychologiczny","potentialAction":[{"@type":"SearchAction","target":{"@type":"EntryPoint","urlTemplate":"https:\/\/bezpieczna-przestrzen.pl\/?s={search_term_string}"},"query-input":{"@type":"PropertyValueSpecification","valueRequired":true,"valueName":"search_term_string"}}],"inLanguage":"pl-PL"}]}},"jetpack_sharing_enabled":true,"_links":{"self":[{"href":"https:\/\/bezpieczna-przestrzen.pl\/index.php\/wp-json\/wp\/v2\/pages\/8","targetHints":{"allow":["GET"]}}],"collection":[{"href":"https:\/\/bezpieczna-przestrzen.pl\/index.php\/wp-json\/wp\/v2\/pages"}],"about":[{"href":"https:\/\/bezpieczna-przestrzen.pl\/index.php\/wp-json\/wp\/v2\/types\/page"}],"author":[{"embeddable":true,"href":"https:\/\/bezpieczna-przestrzen.pl\/index.php\/wp-json\/wp\/v2\/users\/1"}],"replies":[{"embeddable":true,"href":"https:\/\/bezpieczna-przestrzen.pl\/index.php\/wp-json\/wp\/v2\/comments?post=8"}],"version-history":[{"count":13,"href":"https:\/\/bezpieczna-przestrzen.pl\/index.php\/wp-json\/wp\/v2\/pages\/8\/revisions"}],"predecessor-version":[{"id":554,"href":"https:\/\/bezpieczna-przestrzen.pl\/index.php\/wp-json\/wp\/v2\/pages\/8\/revisions\/554"}],"wp:attachment":[{"href":"https:\/\/bezpieczna-przestrzen.pl\/index.php\/wp-json\/wp\/v2\/media?parent=8"}],"curies":[{"name":"wp","href":"https:\/\/api.w.org\/{rel}","templated":true}]}}