{"id":325,"date":"2020-04-11T17:32:15","date_gmt":"2020-04-11T16:32:15","guid":{"rendered":"http:\/\/bezpieczna-przestrzen.pl\/?page_id=325"},"modified":"2020-04-20T18:13:09","modified_gmt":"2020-04-20T17:13:09","slug":"kalendarz-wizyt-psychoterapii-konsultacji","status":"publish","type":"page","link":"https:\/\/bezpieczna-przestrzen.pl\/index.php\/kalendarz-wizyt-psychoterapii-konsultacji\/","title":{"rendered":"Kalendarz wizyt"},"content":{"rendered":"\n<p>Wybierz dogodny termin pierwszej wizyty z kalendarza. Wype\u0142nienie formularza oznacza, \u017ce podane w nim dane osobowe b\u0119d\u0105 przetwarzane w celu nawi\u0105zania kontaktu i realizacji konsultacji. Zasady przetwarzania i informacje o administratorze znajdziesz <a rel=\"noreferrer noopener\" href=\"https:\/\/bezpieczna-przestrzen.pl\/index.php\/privacy-policy\/\" target=\"_blank\">tutaj<\/a>.<\/p>\n\n\n\n<p><strong>Jak si\u0119 przygotowa\u0107 do wizyty online?<\/strong><\/p>\n\n\n\n<p>Najwa\u017cniejsze jest zapewnienie poczucia bezpiecze\u0144stwa i dyskrecji tak, aby by\u0142a mo\u017cliwo\u015b\u0107 swobodnej rozmowy. Zadbaj o ciche i spokojne miejsce. Usi\u0105d\u017a wygodnie, ale nie za wygodnie:-) Swobodniej pracuje si\u0119 w s\u0142uchawkach. Wybieraj\u0105c termin z kalendarza w polu informacje dodatkowe wpisz jaki komunikator preferujesz (np. Zoom, Skype, Video Messenger, WhatsApp). Przed sesj\u0105 koniecznie sprawd\u017a po\u0142\u0105czenie internetowe. M\u00f3j login to Monika Wici\u0144ska, numer telefonu 501000262.<\/p>\n\n\n\n<div class=\"wp-block-bookly-form\"><!--\nPlugin Name: Bookly - Responsive WordPress Appointment Booking and Scheduling Plugin\nPlugin URI: https:\/\/www.booking-wp-plugin.com\/?utm_source=bookly_admin&utm_medium=plugins_page&utm_campaign=plugins_page\nVersion: 27.2-->\n<style type=\"text\/css\">\n    :root {\n        --bookly-main-color: #aa411e !important;\n        --bookly-color: #aa411e !important;\n    }\n\n    <\/style><div class=\"bookly-css-root\">\n    <div id=\"bookly-form-container-69e5e2bab5d6a\" class=\"bookly-form\" data-form_id=\"\" aria-live=\"polite\">\n        <div style=\"text-align: center\"><img decoding=\"async\" src=\"https:\/\/bezpieczna-przestrzen.pl\/wp-includes\/js\/tinymce\/skins\/lightgray\/img\/loader.gif\" alt=\"\u0141adowanie...\"\/><\/div>\n    <\/div>\n<\/div>\n<script type=\"text\/javascript\">\n    (function (win, fn) {\n        var done = false, top = true,\n            doc = win.document,\n            root = doc.documentElement,\n            modern = doc.addEventListener,\n            add = modern ? 'addEventListener' : 'attachEvent',\n            rem = modern ? 'removeEventListener' : 'detachEvent',\n            pre = modern ? '' : 'on',\n            init = function (e) {\n                if (e.type == 'readystatechange') if (doc.readyState != 'complete') return;\n                (e.type == 'load' ? win : doc)[rem](pre + e.type, init, false);\n                if (!done) {\n                    done = true;\n                    fn.call(win, e.type || e);\n                }\n            },\n            poll = function () {\n                try {\n                    root.doScroll('left');\n                } catch (e) {\n                    setTimeout(poll, 50);\n                    return;\n                }\n                init('poll');\n            };\n        if (doc.readyState == 'complete') fn.call(win, 'lazy');\n        else {\n            if (!modern) if (root.doScroll) {\n                try {\n                    top = !win.frameElement;\n                } catch (e) {\n                }\n                if (top) poll();\n            }\n            doc[add](pre + 'DOMContentLoaded', init, false);\n            doc[add](pre + 'readystatechange', init, false);\n            win[add](pre + 'load', init, false);\n        }\n    })(window, function () {\n        window.bookly( {\"form_id\":\"69e5e2bab5d6a\",\"form_data\":{\"skip_service_step\":0,\"hide_service_part1\":0,\"hide_service_part2\":0,\"defaults\":{\"service_id\":1,\"staff_id\":1,\"location_id\":0,\"category_id\":0,\"units\":0,\"date_from\":0,\"time_from\":0,\"time_to\":0}},\"status\":{\"booking\":\"new\"},\"form_token\":null,\"skip_steps\":{\"service_part1\":0,\"service_part2\":0,\"extras\":1,\"time\":0,\"repeat\":1,\"cart\":1},\"errors\":{\"session_error\":\"B\\u0142\\u0105d sesji.\",\"form_id_error\":\"B\\u0142\\u0105d ID formularza.\",\"cart_item_not_available\":\"Ten termin nie jest dost\\u0119pny. Prosz\\u0119 wybra\\u0107 inny termin.\",\"pay_locally_not_available\":\"P\\u0142atno\\u015b\\u0107 lokalna jest niedost\\u0119pna.\",\"invalid_gateway\":\"Nieprawid\\u0142owa bramka p\\u0142atnicza.\",\"payment_error\":\"B\\u0142\\u0105d.\",\"incorrect_username_password\":\"B\\u0142\\u0119dna nazwa lub has\\u0142o.\"},\"form_attributes\":{\"hide_categories\":true,\"hide_services\":false,\"hide_staff_members\":true,\"show_number_of_persons\":false,\"hide_service_duration\":true,\"hide_locations\":true,\"hide_quantity\":true,\"hide_date\":false,\"hide_week_days\":false,\"hide_time_range\":false},\"use_client_time_zone\":0,\"defaults\":{\"service_id\":1,\"staff_id\":1,\"location_id\":0,\"category_id\":0},\"datepicker_mode\":\"text-accent\"} );\n    });\n<\/script><\/div>\n\n\n\n<p><\/p>\n","protected":false},"excerpt":{"rendered":"<p>Wybierz dogodny termin pierwszej wizyty z kalendarza. Wype\u0142nienie formularza oznacza, \u017ce podane w nim dane osobowe b\u0119d\u0105 przetwarzane w celu nawi\u0105zania kontaktu i realizacji konsultacji. Zasady przetwarzania i informacje o administratorze znajdziesz tutaj. Jak si\u0119 przygotowa\u0107 do wizyty online? Najwa\u017cniejsze jest zapewnienie poczucia bezpiecze\u0144stwa i dyskrecji tak, aby by\u0142a mo\u017cliwo\u015b\u0107 swobodnej rozmowy. Zadbaj o ciche [&hellip;]<\/p>\n","protected":false},"author":1,"featured_media":0,"parent":0,"menu_order":0,"comment_status":"closed","ping_status":"closed","template":"","meta":{"ngg_post_thumbnail":0,"footnotes":""},"class_list":["post-325","page","type-page","status-publish","hentry"],"yoast_head":"<!-- This site is optimized with the Yoast SEO plugin v27.3 - https:\/\/yoast.com\/product\/yoast-seo-wordpress\/ -->\n<title>Kalendarz wizyt - Bezpieczna przestrze\u0144 psychoterapia<\/title>\n<meta name=\"description\" content=\"Wybierz termin aby zarezerwowa\u0107 wizyt\u0119. Interaktywny kalendarz wizyt psychoterapii i konsultacji psychologicznych aktualizowany jest online.\" \/>\n<meta name=\"robots\" content=\"index, follow, max-snippet:-1, max-image-preview:large, max-video-preview:-1\" \/>\n<link rel=\"canonical\" href=\"https:\/\/bezpieczna-przestrzen.pl\/index.php\/kalendarz-wizyt-psychoterapii-konsultacji\/\" \/>\n<meta property=\"og:locale\" content=\"pl_PL\" \/>\n<meta property=\"og:type\" content=\"article\" \/>\n<meta property=\"og:title\" content=\"Kalendarz wizyt - Bezpieczna przestrze\u0144 psychoterapia\" \/>\n<meta property=\"og:description\" content=\"Wybierz termin aby zarezerwowa\u0107 wizyt\u0119. Interaktywny kalendarz wizyt psychoterapii i konsultacji psychologicznych aktualizowany jest online.\" \/>\n<meta property=\"og:url\" content=\"https:\/\/bezpieczna-przestrzen.pl\/index.php\/kalendarz-wizyt-psychoterapii-konsultacji\/\" \/>\n<meta property=\"og:site_name\" content=\"Bezpieczna przestrze\u0144\" \/>\n<meta property=\"article:publisher\" content=\"https:\/\/www.facebook.com\/Bezpieczna-przestrze%c5%84-686760528377035\" \/>\n<meta property=\"article:modified_time\" content=\"2020-04-20T17:13:09+00:00\" \/>\n<meta name=\"twitter:card\" content=\"summary_large_image\" \/>\n<meta name=\"twitter:label1\" content=\"Szacowany czas czytania\" \/>\n\t<meta name=\"twitter:data1\" content=\"1 minuta\" \/>\n<script type=\"application\/ld+json\" class=\"yoast-schema-graph\">{\"@context\":\"https:\\\/\\\/schema.org\",\"@graph\":[{\"@type\":\"WebPage\",\"@id\":\"https:\\\/\\\/bezpieczna-przestrzen.pl\\\/index.php\\\/kalendarz-wizyt-psychoterapii-konsultacji\\\/\",\"url\":\"https:\\\/\\\/bezpieczna-przestrzen.pl\\\/index.php\\\/kalendarz-wizyt-psychoterapii-konsultacji\\\/\",\"name\":\"Kalendarz wizyt - Bezpieczna przestrze\u0144 psychoterapia\",\"isPartOf\":{\"@id\":\"https:\\\/\\\/bezpieczna-przestrzen.pl\\\/#website\"},\"datePublished\":\"2020-04-11T16:32:15+00:00\",\"dateModified\":\"2020-04-20T17:13:09+00:00\",\"description\":\"Wybierz termin aby zarezerwowa\u0107 wizyt\u0119. Interaktywny kalendarz wizyt psychoterapii i konsultacji psychologicznych aktualizowany jest online.\",\"breadcrumb\":{\"@id\":\"https:\\\/\\\/bezpieczna-przestrzen.pl\\\/index.php\\\/kalendarz-wizyt-psychoterapii-konsultacji\\\/#breadcrumb\"},\"inLanguage\":\"pl-PL\",\"potentialAction\":[{\"@type\":\"ReadAction\",\"target\":[\"https:\\\/\\\/bezpieczna-przestrzen.pl\\\/index.php\\\/kalendarz-wizyt-psychoterapii-konsultacji\\\/\"]}]},{\"@type\":\"BreadcrumbList\",\"@id\":\"https:\\\/\\\/bezpieczna-przestrzen.pl\\\/index.php\\\/kalendarz-wizyt-psychoterapii-konsultacji\\\/#breadcrumb\",\"itemListElement\":[{\"@type\":\"ListItem\",\"position\":1,\"name\":\"Strona g\u0142\u00f3wna\",\"item\":\"https:\\\/\\\/bezpieczna-przestrzen.pl\\\/\"},{\"@type\":\"ListItem\",\"position\":2,\"name\":\"Kalendarz wizyt\"}]},{\"@type\":\"WebSite\",\"@id\":\"https:\\\/\\\/bezpieczna-przestrzen.pl\\\/#website\",\"url\":\"https:\\\/\\\/bezpieczna-przestrzen.pl\\\/\",\"name\":\"Bezpieczna przestrze\u0144\",\"description\":\"Gabinet psychologiczny\",\"potentialAction\":[{\"@type\":\"SearchAction\",\"target\":{\"@type\":\"EntryPoint\",\"urlTemplate\":\"https:\\\/\\\/bezpieczna-przestrzen.pl\\\/?s={search_term_string}\"},\"query-input\":{\"@type\":\"PropertyValueSpecification\",\"valueRequired\":true,\"valueName\":\"search_term_string\"}}],\"inLanguage\":\"pl-PL\"}]}<\/script>\n<!-- \/ Yoast SEO plugin. -->","yoast_head_json":{"title":"Kalendarz wizyt - Bezpieczna przestrze\u0144 psychoterapia","description":"Wybierz termin aby zarezerwowa\u0107 wizyt\u0119. Interaktywny kalendarz wizyt psychoterapii i konsultacji psychologicznych aktualizowany jest online.","robots":{"index":"index","follow":"follow","max-snippet":"max-snippet:-1","max-image-preview":"max-image-preview:large","max-video-preview":"max-video-preview:-1"},"canonical":"https:\/\/bezpieczna-przestrzen.pl\/index.php\/kalendarz-wizyt-psychoterapii-konsultacji\/","og_locale":"pl_PL","og_type":"article","og_title":"Kalendarz wizyt - Bezpieczna przestrze\u0144 psychoterapia","og_description":"Wybierz termin aby zarezerwowa\u0107 wizyt\u0119. Interaktywny kalendarz wizyt psychoterapii i konsultacji psychologicznych aktualizowany jest online.","og_url":"https:\/\/bezpieczna-przestrzen.pl\/index.php\/kalendarz-wizyt-psychoterapii-konsultacji\/","og_site_name":"Bezpieczna przestrze\u0144","article_publisher":"https:\/\/www.facebook.com\/Bezpieczna-przestrze%c5%84-686760528377035","article_modified_time":"2020-04-20T17:13:09+00:00","twitter_card":"summary_large_image","twitter_misc":{"Szacowany czas czytania":"1 minuta"},"schema":{"@context":"https:\/\/schema.org","@graph":[{"@type":"WebPage","@id":"https:\/\/bezpieczna-przestrzen.pl\/index.php\/kalendarz-wizyt-psychoterapii-konsultacji\/","url":"https:\/\/bezpieczna-przestrzen.pl\/index.php\/kalendarz-wizyt-psychoterapii-konsultacji\/","name":"Kalendarz wizyt - Bezpieczna przestrze\u0144 psychoterapia","isPartOf":{"@id":"https:\/\/bezpieczna-przestrzen.pl\/#website"},"datePublished":"2020-04-11T16:32:15+00:00","dateModified":"2020-04-20T17:13:09+00:00","description":"Wybierz termin aby zarezerwowa\u0107 wizyt\u0119. Interaktywny kalendarz wizyt psychoterapii i konsultacji psychologicznych aktualizowany jest online.","breadcrumb":{"@id":"https:\/\/bezpieczna-przestrzen.pl\/index.php\/kalendarz-wizyt-psychoterapii-konsultacji\/#breadcrumb"},"inLanguage":"pl-PL","potentialAction":[{"@type":"ReadAction","target":["https:\/\/bezpieczna-przestrzen.pl\/index.php\/kalendarz-wizyt-psychoterapii-konsultacji\/"]}]},{"@type":"BreadcrumbList","@id":"https:\/\/bezpieczna-przestrzen.pl\/index.php\/kalendarz-wizyt-psychoterapii-konsultacji\/#breadcrumb","itemListElement":[{"@type":"ListItem","position":1,"name":"Strona g\u0142\u00f3wna","item":"https:\/\/bezpieczna-przestrzen.pl\/"},{"@type":"ListItem","position":2,"name":"Kalendarz wizyt"}]},{"@type":"WebSite","@id":"https:\/\/bezpieczna-przestrzen.pl\/#website","url":"https:\/\/bezpieczna-przestrzen.pl\/","name":"Bezpieczna przestrze\u0144","description":"Gabinet psychologiczny","potentialAction":[{"@type":"SearchAction","target":{"@type":"EntryPoint","urlTemplate":"https:\/\/bezpieczna-przestrzen.pl\/?s={search_term_string}"},"query-input":{"@type":"PropertyValueSpecification","valueRequired":true,"valueName":"search_term_string"}}],"inLanguage":"pl-PL"}]}},"jetpack_sharing_enabled":true,"_links":{"self":[{"href":"https:\/\/bezpieczna-przestrzen.pl\/index.php\/wp-json\/wp\/v2\/pages\/325","targetHints":{"allow":["GET"]}}],"collection":[{"href":"https:\/\/bezpieczna-przestrzen.pl\/index.php\/wp-json\/wp\/v2\/pages"}],"about":[{"href":"https:\/\/bezpieczna-przestrzen.pl\/index.php\/wp-json\/wp\/v2\/types\/page"}],"author":[{"embeddable":true,"href":"https:\/\/bezpieczna-przestrzen.pl\/index.php\/wp-json\/wp\/v2\/users\/1"}],"replies":[{"embeddable":true,"href":"https:\/\/bezpieczna-przestrzen.pl\/index.php\/wp-json\/wp\/v2\/comments?post=325"}],"version-history":[{"count":11,"href":"https:\/\/bezpieczna-przestrzen.pl\/index.php\/wp-json\/wp\/v2\/pages\/325\/revisions"}],"predecessor-version":[{"id":563,"href":"https:\/\/bezpieczna-przestrzen.pl\/index.php\/wp-json\/wp\/v2\/pages\/325\/revisions\/563"}],"wp:attachment":[{"href":"https:\/\/bezpieczna-przestrzen.pl\/index.php\/wp-json\/wp\/v2\/media?parent=325"}],"curies":[{"name":"wp","href":"https:\/\/api.w.org\/{rel}","templated":true}]}}